{"id":706,"date":"2016-11-26T18:10:58","date_gmt":"2016-11-26T17:10:58","guid":{"rendered":"http:\/\/www.snezanadukanac.com\/blog\/?post_type=product&#038;p=706"},"modified":"2016-12-04T08:07:30","modified_gmt":"2016-12-04T07:07:30","slug":"online-course","status":"publish","type":"product","link":"http:\/\/www.snezanadukanac.com\/blog\/product\/online-course\/","title":{"rendered":"Online course"},"content":{"rendered":"<p>Cours vid\u00e9o en ligne<\/p>","protected":false},"excerpt":{"rendered":"<p>Ch\u00e8res mesdames et messieurs bienvenue au cours en ligne LA VIE SANS RIDES. Avec ce programme LA VIE SANS RIDES vous para\u00eetre de 10 \u00e0 15 ans plus jeune.Les premier r\u00e9sultats sont visible apr\u00e8s 15 jours d\u2019exercices intensifs du programme. Prenez 30 minutes de votre temps pour un lifting naturel du visage.<\/p>\n","protected":false},"featured_media":742,"comment_status":"closed","ping_status":"closed","template":"","meta":[],"_links":{"self":[{"href":"http:\/\/www.snezanadukanac.com\/blog\/wp-json\/wp\/v2\/product\/706"}],"collection":[{"href":"http:\/\/www.snezanadukanac.com\/blog\/wp-json\/wp\/v2\/product"}],"about":[{"href":"http:\/\/www.snezanadukanac.com\/blog\/wp-json\/wp\/v2\/types\/product"}],"replies":[{"embeddable":true,"href":"http:\/\/www.snezanadukanac.com\/blog\/wp-json\/wp\/v2\/comments?post=706"}],"wp:featuredmedia":[{"embeddable":true,"href":"http:\/\/www.snezanadukanac.com\/blog\/wp-json\/wp\/v2\/media\/742"}],"wp:attachment":[{"href":"http:\/\/www.snezanadukanac.com\/blog\/wp-json\/wp\/v2\/media?parent=706"}],"curies":[{"name":"wp","href":"https:\/\/api.w.org\/{rel}","templated":true}]}}