{"id":719,"date":"2016-11-28T15:59:20","date_gmt":"2016-11-28T14:59:20","guid":{"rendered":"http:\/\/www.snezanadukanac.com\/blog\/?page_id=719"},"modified":"2016-12-04T08:14:27","modified_gmt":"2016-12-04T07:14:27","slug":"buy-the-course","status":"publish","type":"page","link":"http:\/\/www.snezanadukanac.com\/blog\/buy-the-course\/?lang=fr","title":{"rendered":"Acheter le cours"},"content":{"rendered":"<p><span id=\"result_box\" class=\"\" lang=\"fr\"><span class=\"\">Si vous souhaitez acheter un cours, connectez-vous et cliquez sur le bouton ci-dessous.<\/span><\/span><\/p>\n<p><a href=\"http:\/\/www.snezanadukanac.com\/blog\/product\/online-course\"><img loading=\"lazy\" class=\"alignleft wp-image-725 size-full\" src=\"http:\/\/www.snezanadukanac.com\/blog\/wp-content\/uploads\/2016\/11\/acheter-le-cours.png\" alt=\"acheter-le-cours\" width=\"165\" height=\"40\" \/><\/a><\/p>\n<p>&nbsp;<\/p>\n<p><span id=\"result_box\" class=\"\" lang=\"fr\"><span class=\"\"><br \/>\nSi vous avez d\u00e9j\u00e0 achet\u00e9 le cours, connectez-vous et cliquez sur le bouton ci-dessous.<\/span><\/span><\/p>\n<p><a href=\"http:\/\/www.snezanadukanac.com\/blog\/video-page\/\"><img loading=\"lazy\" class=\"alignleft wp-image-729 size-full\" src=\"http:\/\/www.snezanadukanac.com\/blog\/wp-content\/uploads\/2016\/11\/la-video.png\" alt=\"la-video\" width=\"165\" height=\"40\" \/><\/a><\/p>","protected":false},"excerpt":{"rendered":"<p>Si vous souhaitez acheter un cours, connectez-vous et cliquez sur le bouton ci-dessous. &nbsp; Si vous avez d\u00e9j\u00e0 achet\u00e9 le cours, connectez-vous et cliquez sur le bouton ci-dessous.<\/p>\n","protected":false},"author":3,"featured_media":0,"parent":0,"menu_order":0,"comment_status":"closed","ping_status":"closed","template":"","meta":[],"_links":{"self":[{"href":"http:\/\/www.snezanadukanac.com\/blog\/wp-json\/wp\/v2\/pages\/719"}],"collection":[{"href":"http:\/\/www.snezanadukanac.com\/blog\/wp-json\/wp\/v2\/pages"}],"about":[{"href":"http:\/\/www.snezanadukanac.com\/blog\/wp-json\/wp\/v2\/types\/page"}],"author":[{"embeddable":true,"href":"http:\/\/www.snezanadukanac.com\/blog\/wp-json\/wp\/v2\/users\/3"}],"replies":[{"embeddable":true,"href":"http:\/\/www.snezanadukanac.com\/blog\/wp-json\/wp\/v2\/comments?post=719"}],"version-history":[{"count":16,"href":"http:\/\/www.snezanadukanac.com\/blog\/wp-json\/wp\/v2\/pages\/719\/revisions"}],"predecessor-version":[{"id":753,"href":"http:\/\/www.snezanadukanac.com\/blog\/wp-json\/wp\/v2\/pages\/719\/revisions\/753"}],"wp:attachment":[{"href":"http:\/\/www.snezanadukanac.com\/blog\/wp-json\/wp\/v2\/media?parent=719"}],"curies":[{"name":"wp","href":"https:\/\/api.w.org\/{rel}","templated":true}]}}