{"id":701,"date":"2016-11-26T17:32:36","date_gmt":"2016-11-26T16:32:36","guid":{"rendered":"http:\/\/www.snezanadukanac.com\/blog\/?page_id=701"},"modified":"2016-12-04T09:02:40","modified_gmt":"2016-12-04T08:02:40","slug":"english-access-denied","status":"publish","type":"page","link":"http:\/\/www.snezanadukanac.com\/blog\/english-access-denied\/?lang=fr","title":{"rendered":"Acc\u00e8s refus\u00e9"},"content":{"rendered":"<p>Acc\u00e8s refus\u00e9<\/p>","protected":false},"excerpt":{"rendered":"<p>Acc\u00e8s refus\u00e9<\/p>\n","protected":false},"author":3,"featured_media":0,"parent":0,"menu_order":0,"comment_status":"closed","ping_status":"closed","template":"","meta":[],"_links":{"self":[{"href":"http:\/\/www.snezanadukanac.com\/blog\/wp-json\/wp\/v2\/pages\/701"}],"collection":[{"href":"http:\/\/www.snezanadukanac.com\/blog\/wp-json\/wp\/v2\/pages"}],"about":[{"href":"http:\/\/www.snezanadukanac.com\/blog\/wp-json\/wp\/v2\/types\/page"}],"author":[{"embeddable":true,"href":"http:\/\/www.snezanadukanac.com\/blog\/wp-json\/wp\/v2\/users\/3"}],"replies":[{"embeddable":true,"href":"http:\/\/www.snezanadukanac.com\/blog\/wp-json\/wp\/v2\/comments?post=701"}],"version-history":[{"count":4,"href":"http:\/\/www.snezanadukanac.com\/blog\/wp-json\/wp\/v2\/pages\/701\/revisions"}],"predecessor-version":[{"id":756,"href":"http:\/\/www.snezanadukanac.com\/blog\/wp-json\/wp\/v2\/pages\/701\/revisions\/756"}],"wp:attachment":[{"href":"http:\/\/www.snezanadukanac.com\/blog\/wp-json\/wp\/v2\/media?parent=701"}],"curies":[{"name":"wp","href":"https:\/\/api.w.org\/{rel}","templated":true}]}}