{"id":208,"date":"2015-10-05T05:35:25","date_gmt":"2015-10-05T03:35:25","guid":{"rendered":"http:\/\/www.snezanadukanac.com\/blog\/?page_id=208"},"modified":"2017-03-21T17:45:58","modified_gmt":"2017-03-21T16:45:58","slug":"give-away","status":"publish","type":"page","link":"http:\/\/www.snezanadukanac.com\/blog\/give-away\/?lang=fr","title":{"rendered":"Cadeaux"},"content":{"rendered":"<p><iframe loading=\"lazy\" width=\"1440\" height=\"810\" src=\"https:\/\/www.youtube.com\/embed\/aMjMcnC9vFI?feature=oembed\" frameborder=\"0\" allowfullscreen><\/iframe><\/p>\n<p><iframe loading=\"lazy\" width=\"1440\" height=\"810\" src=\"https:\/\/www.youtube.com\/embed\/lVE5E4WoutY?feature=oembed\" frameborder=\"0\" allowfullscreen><\/iframe><\/p>\n<p>&nbsp;<\/p>\n<p>&nbsp;<\/p>\n<p>&nbsp;<\/p>\n<p>&nbsp;<\/p>\n<p>&nbsp;<\/p>\n<p>&nbsp;<\/p>\n<p>Dragi moji,<\/p>\n<p>Kao \u0161to sam vam i obe\u0107ala, spremila sam vam iznena\u0111enje. Od oktobra ove godine, jednom mese\u010dno \u0107e biti give away. Ima\u0107ete prilike da budete dobitnici vrednih nagrada. Dovoljni je da se registrujete na sajt <a href=\"http:\/\/www.snezanadukanac.com\/blog\">www.snezanadukanac.com\/blog<\/a> i mo\u017eete u\u010destvovati. Pokloni \u0107e se uru\u010divati prve nedelje u mesecu za predhodni mesec. Sre\u0107no i u\u017eivajte-)))<\/p>\n<p>*************************************************************************************************************<\/p>\n<p><em>Mes ch\u00e8res,<\/em><\/p>\n<p><em>Comme je vous l\u2019ai promis, je vous ai pr\u00e9par\u00e9 une surprise. A partir d\u2019octobre,de cette ann\u00e9e, une fois par mois j\u2019organiserai un give away. Vous aurez l\u2019occasion de gagner des prix int\u00e9ressant. Il suffit juste de vous enregistrer sur le site <a href=\"http:\/\/www.snezanadukanac.com\/blog\">www.snezanadukanac.com\/blog<\/a> et vous pourrez participer. Les cadeaux seront remis la premi\u00e8re semaine du mois en cours pour le mois pr\u00e9c\u00e9dent. Bonne chance et profitez-en -)))<\/em><\/p>\n<p>*************************************************************************************************************<\/p>\n<p><u>My dear once,<\/u><\/p>\n<p><u>As I promised to you, I have little surprize for you. Strarting from October 2015, once a month we will have a little give away event. You will have a chance to get great gifts. You need to register on site <a href=\"http:\/\/www.snezanadukanac.com\/blog\">www.snezanadukanac.com\/blog<\/a> and you will participate. All gifts will be sent away fIrst week of the following month. Enjoy and good luck-)))<\/u><\/p>\n<p>&nbsp;<\/p>\n","protected":false},"excerpt":{"rendered":"<p>&nbsp; &nbsp; &nbsp; &nbsp; &nbsp; &nbsp; Dragi moji, Kao \u0161to sam vam i obe\u0107ala, spremila sam vam iznena\u0111enje. Od oktobra ove godine, jednom mese\u010dno \u0107e biti give away. Ima\u0107ete prilike da budete dobitnici vrednih nagrada. Dovoljni je da se registrujete na sajt www.snezanadukanac.com\/blog i mo\u017eete u\u010destvovati. Pokloni \u0107e se uru\u010divati &hellip;<\/p>\n","protected":false},"author":3,"featured_media":0,"parent":0,"menu_order":0,"comment_status":"closed","ping_status":"closed","template":"","meta":[],"_links":{"self":[{"href":"http:\/\/www.snezanadukanac.com\/blog\/wp-json\/wp\/v2\/pages\/208"}],"collection":[{"href":"http:\/\/www.snezanadukanac.com\/blog\/wp-json\/wp\/v2\/pages"}],"about":[{"href":"http:\/\/www.snezanadukanac.com\/blog\/wp-json\/wp\/v2\/types\/page"}],"author":[{"embeddable":true,"href":"http:\/\/www.snezanadukanac.com\/blog\/wp-json\/wp\/v2\/users\/3"}],"replies":[{"embeddable":true,"href":"http:\/\/www.snezanadukanac.com\/blog\/wp-json\/wp\/v2\/comments?post=208"}],"version-history":[{"count":6,"href":"http:\/\/www.snezanadukanac.com\/blog\/wp-json\/wp\/v2\/pages\/208\/revisions"}],"predecessor-version":[{"id":844,"href":"http:\/\/www.snezanadukanac.com\/blog\/wp-json\/wp\/v2\/pages\/208\/revisions\/844"}],"wp:attachment":[{"href":"http:\/\/www.snezanadukanac.com\/blog\/wp-json\/wp\/v2\/media?parent=208"}],"curies":[{"name":"wp","href":"https:\/\/api.w.org\/{rel}","templated":true}]}}