{"id":168,"date":"2015-09-23T18:08:34","date_gmt":"2015-09-23T16:08:34","guid":{"rendered":"http:\/\/www.snezanadukanac.com\/blog\/?page_id=168"},"modified":"2017-04-13T14:35:03","modified_gmt":"2017-04-13T12:35:03","slug":"news","status":"publish","type":"page","link":"http:\/\/www.snezanadukanac.com\/blog\/news\/?lang=fr","title":{"rendered":"Nouvelles"},"content":{"rendered":"<p class=\"qtranxs-available-languages-message qtranxs-available-languages-message-fr\">D\u00e9sol\u00e9, cet article est seulement disponible en <a href=\"http:\/\/www.snezanadukanac.com\/blog\/wp-json\/wp\/v2\/pages\/168?lang=en\" class=\"qtranxs-available-language-link qtranxs-available-language-link-en\" title=\"English\">Anglais Am\u00e9ricain<\/a> et <a href=\"http:\/\/www.snezanadukanac.com\/blog\/wp-json\/wp\/v2\/pages\/168?lang=sr\" class=\"qtranxs-available-language-link qtranxs-available-language-link-sr\" title=\"Srpski jezik\">Serbe<\/a>.<\/p>","protected":false},"excerpt":{"rendered":"<p>D\u00e9sol\u00e9, cet article est seulement disponible en Anglais Am\u00e9ricain et Serbe.<\/p>\n","protected":false},"author":3,"featured_media":0,"parent":0,"menu_order":0,"comment_status":"closed","ping_status":"closed","template":"","meta":[],"_links":{"self":[{"href":"http:\/\/www.snezanadukanac.com\/blog\/wp-json\/wp\/v2\/pages\/168"}],"collection":[{"href":"http:\/\/www.snezanadukanac.com\/blog\/wp-json\/wp\/v2\/pages"}],"about":[{"href":"http:\/\/www.snezanadukanac.com\/blog\/wp-json\/wp\/v2\/types\/page"}],"author":[{"embeddable":true,"href":"http:\/\/www.snezanadukanac.com\/blog\/wp-json\/wp\/v2\/users\/3"}],"replies":[{"embeddable":true,"href":"http:\/\/www.snezanadukanac.com\/blog\/wp-json\/wp\/v2\/comments?post=168"}],"version-history":[{"count":39,"href":"http:\/\/www.snezanadukanac.com\/blog\/wp-json\/wp\/v2\/pages\/168\/revisions"}],"predecessor-version":[{"id":881,"href":"http:\/\/www.snezanadukanac.com\/blog\/wp-json\/wp\/v2\/pages\/168\/revisions\/881"}],"wp:attachment":[{"href":"http:\/\/www.snezanadukanac.com\/blog\/wp-json\/wp\/v2\/media?parent=168"}],"curies":[{"name":"wp","href":"https:\/\/api.w.org\/{rel}","templated":true}]}}